{"id":5432,"date":"2025-10-21T17:49:03","date_gmt":"2025-10-21T16:49:03","guid":{"rendered":"http:\/\/www.ms.zasova.info\/subdom\/ms\/?page_id=5432"},"modified":"2025-10-21T17:49:03","modified_gmt":"2025-10-21T16:49:03","slug":"skolni-rok-2025-2026","status":"publish","type":"page","link":"http:\/\/www.ms.zasova.info\/subdom\/ms\/skolni-rok-2025-2026\/","title":{"rendered":"\u0160koln\u00ed rok 2025\/2026"},"content":{"rendered":"\n \n<!-- Start container 1 --><div id=\"wppa-modal-container-1\" class=\"wppa-modal-container\" style=\"position:relative;z-index:100000;\" data-wppa=\"yes\"><\/div><div id=\"wppa-container-wrapper-1\" class=\"alignnone wppa-container-wrapper \" style=\"width:100%;clear:both;padding:0;position:relative;\"><div id=\"wppa-container-1\" style=\"width:100%;\" class=\"wppa-container wppa-container-1 wppa-rev-9004007 wppa-prevrev-9003004 wppa-theme-9.0.04.007 wppa-api-9.0.04.007\"><svg id=\"wppa-ajax-spin-1\" class=\"wppa-ajax-spin uil-default\" width=\"120px\" height=\"120px\" viewBox=\"0 0 100 100\" preserveAspectRatio=\"xMidYMid\" stroke=\"\" style=\"width:120px; height:120px; position:fixed; top:50%; margin-top:-60px; left:50%; margin-left:-60px; opacity:1; display:none; fill:#666666; background-color:#dddddd; border-radius:12px;\"><rect x=\"0\" y=\"0\" width=\"100\" height=\"100\" fill=\"none\" class=\"bk\"><\/rect><rect class=\"wppa-ajaxspin\" x=\"47\" y=\"40\" width=\"6\" height=\"20\" rx=\"3\" ry=\"3\" transform=\"rotate(0 50 50) translate(0 -32)\"><animate attributeName=\"opacity\" from=\"1\" to=\"0\" dur=\"1.5s\" begin=\"0s\" repeatCount=\"indefinite\" ><\/rect><rect class=\"wppa-ajaxspin\" x=\"47\" y=\"40\" width=\"6\" height=\"20\" rx=\"3\" ry=\"3\" transform=\"rotate(22.5 50 50) translate(0 -32)\"><animate attributeName=\"opacity\" from=\"1\" to=\"0\" dur=\"1.5s\" begin=\"0.09375s\" repeatCount=\"indefinite\" ><\/rect><rect class=\"wppa-ajaxspin\" x=\"47\" y=\"40\" width=\"6\" height=\"20\" rx=\"3\" ry=\"3\" transform=\"rotate(45 50 50) translate(0 -32)\"><animate attributeName=\"opacity\" from=\"1\" to=\"0\" dur=\"1.5s\" begin=\"0.1875s\" repeatCount=\"indefinite\" ><\/rect><rect class=\"wppa-ajaxspin\" x=\"47\" y=\"40\" width=\"6\" height=\"20\" rx=\"3\" ry=\"3\" transform=\"rotate(67.5 50 50) translate(0 -32)\"><animate attributeName=\"opacity\" from=\"1\" to=\"0\" dur=\"1.5s\" begin=\"0.28125s\" repeatCount=\"indefinite\" ><\/rect><rect class=\"wppa-ajaxspin\" x=\"47\" y=\"40\" width=\"6\" height=\"20\" rx=\"3\" ry=\"3\" transform=\"rotate(90 50 50) translate(0 -32)\"><animate attributeName=\"opacity\" from=\"1\" to=\"0\" dur=\"1.5s\" begin=\"0.375s\" repeatCount=\"indefinite\" ><\/rect><rect class=\"wppa-ajaxspin\" x=\"47\" y=\"40\" width=\"6\" height=\"20\" rx=\"3\" ry=\"3\" transform=\"rotate(112.5 50 50) translate(0 -32)\"><animate attributeName=\"opacity\" from=\"1\" to=\"0\" dur=\"1.5s\" begin=\"0.46875s\" repeatCount=\"indefinite\" ><\/rect><rect class=\"wppa-ajaxspin\" x=\"47\" y=\"40\" width=\"6\" height=\"20\" rx=\"3\" ry=\"3\" transform=\"rotate(135 50 50) translate(0 -32)\"><animate attributeName=\"opacity\" from=\"1\" to=\"0\" dur=\"1.5s\" begin=\"0.5625s\" repeatCount=\"indefinite\" ><\/rect><rect class=\"wppa-ajaxspin\" x=\"47\" y=\"40\" width=\"6\" height=\"20\" rx=\"3\" ry=\"3\" transform=\"rotate(157.5 50 50) translate(0 -32)\"><animate attributeName=\"opacity\" from=\"1\" to=\"0\" dur=\"1.5s\" begin=\"0.65625s\" repeatCount=\"indefinite\" ><\/rect><rect class=\"wppa-ajaxspin\" x=\"47\" y=\"40\" width=\"6\" height=\"20\" rx=\"3\" ry=\"3\" transform=\"rotate(180 50 50) translate(0 -32)\"><animate attributeName=\"opacity\" from=\"1\" to=\"0\" dur=\"1.5s\" begin=\"0.75s\" repeatCount=\"indefinite\" ><\/rect><rect class=\"wppa-ajaxspin\" x=\"47\" y=\"40\" width=\"6\" height=\"20\" rx=\"3\" ry=\"3\" transform=\"rotate(202.5 50 50) translate(0 -32)\"><animate attributeName=\"opacity\" from=\"1\" to=\"0\" dur=\"1.5s\" begin=\"0.84375s\" repeatCount=\"indefinite\" ><\/rect><rect class=\"wppa-ajaxspin\" x=\"47\" y=\"40\" width=\"6\" height=\"20\" rx=\"3\" ry=\"3\" transform=\"rotate(225 50 50) translate(0 -32)\"><animate attributeName=\"opacity\" from=\"1\" to=\"0\" dur=\"1.5s\" begin=\"0.9375s\" repeatCount=\"indefinite\" ><\/rect><rect class=\"wppa-ajaxspin\" x=\"47\" y=\"40\" width=\"6\" height=\"20\" rx=\"3\" ry=\"3\" transform=\"rotate(247.5 50 50) translate(0 -32)\"><animate attributeName=\"opacity\" from=\"1\" to=\"0\" dur=\"1.5s\" begin=\"1.03125s\" repeatCount=\"indefinite\" ><\/rect><rect class=\"wppa-ajaxspin\" x=\"47\" y=\"40\" width=\"6\" height=\"20\" rx=\"3\" ry=\"3\" transform=\"rotate(270 50 50) translate(0 -32)\"><animate attributeName=\"opacity\" from=\"1\" to=\"0\" dur=\"1.5s\" begin=\"1.125s\" repeatCount=\"indefinite\" ><\/rect><rect class=\"wppa-ajaxspin\" x=\"47\" y=\"40\" width=\"6\" height=\"20\" rx=\"3\" ry=\"3\" transform=\"rotate(292.5 50 50) translate(0 -32)\"><animate attributeName=\"opacity\" from=\"1\" to=\"0\" dur=\"1.5s\" begin=\"1.21875s\" repeatCount=\"indefinite\" ><\/rect><rect class=\"wppa-ajaxspin\" x=\"47\" y=\"40\" width=\"6\" height=\"20\" rx=\"3\" ry=\"3\" transform=\"rotate(315 50 50) translate(0 -32)\"><animate attributeName=\"opacity\" from=\"1\" to=\"0\" dur=\"1.5s\" begin=\"1.3125s\" repeatCount=\"indefinite\" ><\/rect><rect class=\"wppa-ajaxspin\" x=\"47\" y=\"40\" width=\"6\" height=\"20\" rx=\"3\" ry=\"3\" transform=\"rotate(337.5 50 50) translate(0 -32)\"><animate attributeName=\"opacity\" from=\"1\" to=\"0\" dur=\"1.5s\" begin=\"1.40625s\" repeatCount=\"indefinite\" ><\/rect><\/svg><input type=\"hidden\" id=\"wppa-nonce-0-1\" name=\"wppa-nonce\" value=\"650c40abb2\" ><div id=\"wppa-bc-1\" class=\"wppa-nav wppa-box wppa-nav-text wppa-bc\" ><a href=\"http:\/\/www.ms.zasova.info\/subdom\/ms#wppa-container-1\" class=\"wppa-nav-text b1\" style=\"cursor:pointer\" title=\"Mate\u0159sk\u00e1 \u0161kola Za\u0161ov\u00e1\">Dom\u016f<\/a><span class=\"wppa-nav-text b1\"> &raquo; <\/span><a href=\"http:\/\/www.ms.zasova.info\/subdom\/ms\/skolni-rok-2025-2026\/#wppa-container-1\" class=\"wppa-nav-text b3\" style=\"cursor:pointer\" title=\"Str\u00e1nka: \u0160koln\u00ed rok 2025\/2026\">\u0160koln\u00ed rok 2025\/2026<\/a><span class=\"wppa-nav-text b3\"> &raquo; <\/span><span id=\"bc-pname-1\" class=\"wppa-nav-text b10\"  title=\"\">R\u016fzn\u00e1 alba<\/span><div style=\"clear:both\"><\/div><\/div><div id=\"wppa-albumlist-1\" style=\"overflow:auto;\" class=\"albumlist\"><div id=\"album-2147-1\" class=\"wppa-album-cover-standard album wppa-box wppa-cover-box wppa-cover-box-1\" style=\"width:100%;clear:both;cursor:pointer;\" onclick=\"wppaDoAjaxRender(event, 1, 'http:\/\/www.ms.zasova.info\/subdom\/ms\/wp-json\/wp-photo-album-plus\/endPoint?action=wppa&wppa-action=render&wppa-size=640&wppa-occur=1&wppa-fromp=5432&lang=cs&wppa-album=a91228695bee52fb&wppa-cover=0&wppa-occur=1&data-alb=2147', 'http:\/\/www.ms.zasova.info\/subdom\/ms\/skolni-rok-2025-2026\/?wppa-occur=1&amp;lang=cs&amp;wppa-cover=0&amp;wppa-album=a91228695bee52fb&amp;data-alb=2147' )\" title=\"Zobrazit album Spole\u010dn\u00e9 akce 2025\/2026\"><div id=\"covertext_frame_2147_1\" class=\"wppa-text-frame-1 wppa-text-frame wppa-cover-text-frame wppa-asym-text-frame-1\" style=\"width:459px; float:left\"><h2 class=\"wppa-title\" style=\"clear:none;\"><a onclick=\"wppaDoAjaxRender(event, 1, 'http:\/\/www.ms.zasova.info\/subdom\/ms\/wp-json\/wp-photo-album-plus\/endPoint?action=wppa&wppa-action=render&wppa-size=640&wppa-occur=1&wppa-fromp=5432&lang=cs&wppa-album=a91228695bee52fb&wppa-cover=0&wppa-occur=1&data-alb=2147', 'http:\/\/www.ms.zasova.info\/subdom\/ms\/skolni-rok-2025-2026\/?wppa-occur=1&amp;lang=cs&amp;wppa-cover=0&amp;wppa-album=a91228695bee52fb&amp;data-alb=2147' )\" title=\"Zobrazit album Spole\u010dn\u00e9 akce 2025\/2026\" class=\"wppa-title\" style=\"cursor:pointer\">Spole\u010dn\u00e9 akce 2025\/2026 <\/a><\/h2><div class=\"wppa-box-text wppa-black wppa-box-text-desc\" style=\"min-height:54px;\"><\/div><div class=\"wppa-box-text wppa-black wppa-info wppa-slideshow-browse-link wppa-album-cover-link\">&nbsp;<\/div><div class=\"wppa-box-text wppa-black wppa-info wppa-viewlink wppa-album-cover-link\"><a class=\"wppa-album-cover-link\" onclick=\"wppaDoAjaxRender(event, 1, 'http:\/\/www.ms.zasova.info\/subdom\/ms\/wp-json\/wp-photo-album-plus\/endPoint?action=wppa&wppa-action=render&wppa-size=640&wppa-occur=1&wppa-fromp=5432&lang=cs&wppa-album=a91228695bee52fb&wppa-cover=0&wppa-occur=1&data-alb=2147', 'http:\/\/www.ms.zasova.info\/subdom\/ms\/skolni-rok-2025-2026\/?wppa-occur=1&lang=cs&wppa-cover=0&wppa-album=a91228695bee52fb&data-alb=2147' )\" title=\"Zobrazit album Spole\u010dn\u00e9 akce 2025\/2026\" style=\"cursor:pointer\">View&nbsp;8&nbsp;albums<\/a><\/div><\/div><div style=\"clear:both;\"><\/div><\/div><div id=\"album-2145-1\" class=\"wppa-album-cover-standard album wppa-box wppa-cover-box wppa-cover-box-1\" style=\"width:100%;float:right;cursor:pointer;\" onclick=\"wppaDoAjaxRender(event, 1, 'http:\/\/www.ms.zasova.info\/subdom\/ms\/wp-json\/wp-photo-album-plus\/endPoint?action=wppa&wppa-action=render&wppa-size=640&wppa-occur=1&wppa-fromp=5432&lang=cs&wppa-album=bdf0b7570a728af1&wppa-cover=0&wppa-occur=1&data-alb=2145', 'http:\/\/www.ms.zasova.info\/subdom\/ms\/skolni-rok-2025-2026\/?wppa-occur=1&amp;lang=cs&amp;wppa-cover=0&amp;wppa-album=bdf0b7570a728af1&amp;data-alb=2145' )\" title=\"Zobrazit album Mot\u00fdlci 2025\/2026\"><div id=\"covertext_frame_2145_1\" class=\"wppa-text-frame-1 wppa-text-frame wppa-cover-text-frame wppa-asym-text-frame-1\" style=\"width:459px; float:left\"><h2 class=\"wppa-title\" style=\"clear:none;\"><a onclick=\"wppaDoAjaxRender(event, 1, 'http:\/\/www.ms.zasova.info\/subdom\/ms\/wp-json\/wp-photo-album-plus\/endPoint?action=wppa&wppa-action=render&wppa-size=640&wppa-occur=1&wppa-fromp=5432&lang=cs&wppa-album=bdf0b7570a728af1&wppa-cover=0&wppa-occur=1&data-alb=2145', 'http:\/\/www.ms.zasova.info\/subdom\/ms\/skolni-rok-2025-2026\/?wppa-occur=1&amp;lang=cs&amp;wppa-cover=0&amp;wppa-album=bdf0b7570a728af1&amp;data-alb=2145' )\" title=\"Zobrazit album Mot\u00fdlci 2025\/2026\" class=\"wppa-title\" style=\"cursor:pointer\">Mot\u00fdlci 2025\/2026 <\/a><\/h2><div class=\"wppa-box-text wppa-black wppa-box-text-desc\" style=\"min-height:54px;\"><\/div><div class=\"wppa-box-text wppa-black wppa-info wppa-slideshow-browse-link wppa-album-cover-link\">&nbsp;<\/div><div class=\"wppa-box-text wppa-black wppa-info wppa-viewlink wppa-album-cover-link\"><a class=\"wppa-album-cover-link\" onclick=\"wppaDoAjaxRender(event, 1, 'http:\/\/www.ms.zasova.info\/subdom\/ms\/wp-json\/wp-photo-album-plus\/endPoint?action=wppa&wppa-action=render&wppa-size=640&wppa-occur=1&wppa-fromp=5432&lang=cs&wppa-album=bdf0b7570a728af1&wppa-cover=0&wppa-occur=1&data-alb=2145', 'http:\/\/www.ms.zasova.info\/subdom\/ms\/skolni-rok-2025-2026\/?wppa-occur=1&lang=cs&wppa-cover=0&wppa-album=bdf0b7570a728af1&data-alb=2145' )\" title=\"Zobrazit album Mot\u00fdlci 2025\/2026\" style=\"cursor:pointer\">View&nbsp;65&nbsp;albums<\/a><\/div><\/div><div style=\"clear:both;\"><\/div><\/div><div id=\"album-2127-1\" class=\"wppa-album-cover-standard album wppa-box wppa-cover-box wppa-cover-box-1\" style=\"width:100%;float:right;cursor:pointer;\" onclick=\"wppaDoAjaxRender(event, 1, 'http:\/\/www.ms.zasova.info\/subdom\/ms\/wp-json\/wp-photo-album-plus\/endPoint?action=wppa&wppa-action=render&wppa-size=640&wppa-occur=1&wppa-fromp=5432&lang=cs&wppa-album=96792af1f3ca0c9d&wppa-cover=0&wppa-occur=1&data-alb=2127', 'http:\/\/www.ms.zasova.info\/subdom\/ms\/skolni-rok-2025-2026\/?wppa-occur=1&amp;lang=cs&amp;wppa-cover=0&amp;wppa-album=96792af1f3ca0c9d&amp;data-alb=2127' )\" title=\"Zobrazit album Beru\u0161ky 2025\/2026\"><div id=\"covertext_frame_2127_1\" class=\"wppa-text-frame-1 wppa-text-frame wppa-cover-text-frame wppa-asym-text-frame-1\" style=\"width:459px; float:left\"><h2 class=\"wppa-title\" style=\"clear:none;\"><a onclick=\"wppaDoAjaxRender(event, 1, 'http:\/\/www.ms.zasova.info\/subdom\/ms\/wp-json\/wp-photo-album-plus\/endPoint?action=wppa&wppa-action=render&wppa-size=640&wppa-occur=1&wppa-fromp=5432&lang=cs&wppa-album=96792af1f3ca0c9d&wppa-cover=0&wppa-occur=1&data-alb=2127', 'http:\/\/www.ms.zasova.info\/subdom\/ms\/skolni-rok-2025-2026\/?wppa-occur=1&amp;lang=cs&amp;wppa-cover=0&amp;wppa-album=96792af1f3ca0c9d&amp;data-alb=2127' )\" title=\"Zobrazit album Beru\u0161ky 2025\/2026\" class=\"wppa-title\" style=\"cursor:pointer\">Beru\u0161ky 2025\/2026 <\/a><\/h2><div class=\"wppa-box-text wppa-black wppa-box-text-desc\" style=\"min-height:54px;\"><\/div><div class=\"wppa-box-text wppa-black wppa-info wppa-slideshow-browse-link wppa-album-cover-link\">&nbsp;<\/div><div class=\"wppa-box-text wppa-black wppa-info wppa-viewlink wppa-album-cover-link\"><a class=\"wppa-album-cover-link\" onclick=\"wppaDoAjaxRender(event, 1, 'http:\/\/www.ms.zasova.info\/subdom\/ms\/wp-json\/wp-photo-album-plus\/endPoint?action=wppa&wppa-action=render&wppa-size=640&wppa-occur=1&wppa-fromp=5432&lang=cs&wppa-album=96792af1f3ca0c9d&wppa-cover=0&wppa-occur=1&data-alb=2127', 'http:\/\/www.ms.zasova.info\/subdom\/ms\/skolni-rok-2025-2026\/?wppa-occur=1&lang=cs&wppa-cover=0&wppa-album=96792af1f3ca0c9d&data-alb=2127' )\" title=\"Zobrazit album Beru\u0161ky 2025\/2026\" style=\"cursor:pointer\">View&nbsp;15&nbsp;albums<\/a><\/div><\/div><div style=\"clear:both;\"><\/div><\/div><div id=\"album-2146-1\" class=\"wppa-album-cover-standard album wppa-box wppa-cover-box wppa-cover-box-1\" style=\"width:100%;float:right;cursor:pointer;\" onclick=\"wppaDoAjaxRender(event, 1, 'http:\/\/www.ms.zasova.info\/subdom\/ms\/wp-json\/wp-photo-album-plus\/endPoint?action=wppa&wppa-action=render&wppa-size=640&wppa-occur=1&wppa-fromp=5432&lang=cs&wppa-album=b2e958e917f27705&wppa-cover=0&wppa-occur=1&data-alb=2146', 'http:\/\/www.ms.zasova.info\/subdom\/ms\/skolni-rok-2025-2026\/?wppa-occur=1&amp;lang=cs&amp;wppa-cover=0&amp;wppa-album=b2e958e917f27705&amp;data-alb=2146' )\" title=\"Zobrazit album Slun\u00ed\u010dka 2025\/2026\"><div id=\"covertext_frame_2146_1\" class=\"wppa-text-frame-1 wppa-text-frame wppa-cover-text-frame wppa-asym-text-frame-1\" style=\"width:459px; float:left\"><h2 class=\"wppa-title\" style=\"clear:none;\"><a onclick=\"wppaDoAjaxRender(event, 1, 'http:\/\/www.ms.zasova.info\/subdom\/ms\/wp-json\/wp-photo-album-plus\/endPoint?action=wppa&wppa-action=render&wppa-size=640&wppa-occur=1&wppa-fromp=5432&lang=cs&wppa-album=b2e958e917f27705&wppa-cover=0&wppa-occur=1&data-alb=2146', 'http:\/\/www.ms.zasova.info\/subdom\/ms\/skolni-rok-2025-2026\/?wppa-occur=1&amp;lang=cs&amp;wppa-cover=0&amp;wppa-album=b2e958e917f27705&amp;data-alb=2146' )\" title=\"Zobrazit album Slun\u00ed\u010dka 2025\/2026\" class=\"wppa-title\" style=\"cursor:pointer\">Slun\u00ed\u010dka 2025\/2026 <\/a><\/h2><div class=\"wppa-box-text wppa-black wppa-box-text-desc\" style=\"min-height:54px;\"><\/div><div class=\"wppa-box-text wppa-black wppa-info wppa-slideshow-browse-link wppa-album-cover-link\">&nbsp;<\/div><div class=\"wppa-box-text wppa-black wppa-info wppa-viewlink wppa-album-cover-link\"><a class=\"wppa-album-cover-link\" onclick=\"wppaDoAjaxRender(event, 1, 'http:\/\/www.ms.zasova.info\/subdom\/ms\/wp-json\/wp-photo-album-plus\/endPoint?action=wppa&wppa-action=render&wppa-size=640&wppa-occur=1&wppa-fromp=5432&lang=cs&wppa-album=b2e958e917f27705&wppa-cover=0&wppa-occur=1&data-alb=2146', 'http:\/\/www.ms.zasova.info\/subdom\/ms\/skolni-rok-2025-2026\/?wppa-occur=1&lang=cs&wppa-cover=0&wppa-album=b2e958e917f27705&data-alb=2146' )\" title=\"Zobrazit album Slun\u00ed\u010dka 2025\/2026\" style=\"cursor:pointer\">View&nbsp;33&nbsp;albums<\/a><\/div><\/div><div style=\"clear:both;\"><\/div><\/div><div id=\"album-2144-1\" class=\"wppa-album-cover-standard album wppa-box wppa-cover-box wppa-cover-box-1\" style=\"width:100%;float:right;cursor:pointer;\" onclick=\"wppaDoAjaxRender(event, 1, 'http:\/\/www.ms.zasova.info\/subdom\/ms\/wp-json\/wp-photo-album-plus\/endPoint?action=wppa&wppa-action=render&wppa-size=640&wppa-occur=1&wppa-fromp=5432&lang=cs&wppa-album=9eb78eae3a59871a&wppa-cover=0&wppa-occur=1&data-alb=2144', 'http:\/\/www.ms.zasova.info\/subdom\/ms\/skolni-rok-2025-2026\/?wppa-occur=1&amp;lang=cs&amp;wppa-cover=0&amp;wppa-album=9eb78eae3a59871a&amp;data-alb=2144' )\" title=\"Zobrazit album Kopretinky 2025\/2026\"><div id=\"covertext_frame_2144_1\" class=\"wppa-text-frame-1 wppa-text-frame wppa-cover-text-frame wppa-asym-text-frame-1\" style=\"width:459px; float:left\"><h2 class=\"wppa-title\" style=\"clear:none;\"><a onclick=\"wppaDoAjaxRender(event, 1, 'http:\/\/www.ms.zasova.info\/subdom\/ms\/wp-json\/wp-photo-album-plus\/endPoint?action=wppa&wppa-action=render&wppa-size=640&wppa-occur=1&wppa-fromp=5432&lang=cs&wppa-album=9eb78eae3a59871a&wppa-cover=0&wppa-occur=1&data-alb=2144', 'http:\/\/www.ms.zasova.info\/subdom\/ms\/skolni-rok-2025-2026\/?wppa-occur=1&amp;lang=cs&amp;wppa-cover=0&amp;wppa-album=9eb78eae3a59871a&amp;data-alb=2144' )\" title=\"Zobrazit album Kopretinky 2025\/2026\" class=\"wppa-title\" style=\"cursor:pointer\">Kopretinky 2025\/2026 <\/a><\/h2><div class=\"wppa-box-text wppa-black wppa-box-text-desc\" style=\"min-height:54px;\"><\/div><div class=\"wppa-box-text wppa-black wppa-info wppa-slideshow-browse-link wppa-album-cover-link\">&nbsp;<\/div><div class=\"wppa-box-text wppa-black wppa-info wppa-viewlink wppa-album-cover-link\"><a class=\"wppa-album-cover-link\" onclick=\"wppaDoAjaxRender(event, 1, 'http:\/\/www.ms.zasova.info\/subdom\/ms\/wp-json\/wp-photo-album-plus\/endPoint?action=wppa&wppa-action=render&wppa-size=640&wppa-occur=1&wppa-fromp=5432&lang=cs&wppa-album=9eb78eae3a59871a&wppa-cover=0&wppa-occur=1&data-alb=2144', 'http:\/\/www.ms.zasova.info\/subdom\/ms\/skolni-rok-2025-2026\/?wppa-occur=1&lang=cs&wppa-cover=0&wppa-album=9eb78eae3a59871a&data-alb=2144' )\" title=\"Zobrazit album Kopretinky 2025\/2026\" style=\"cursor:pointer\">View&nbsp;13&nbsp;albums<\/a><\/div><\/div><div style=\"clear:both;\"><\/div><\/div><\/div><div style=\"clear:both;\"><\/div><div id=\"wppa-container-1-end\"><\/div><\/div><\/div>\n<!-- End [wppa type=\"cover\" album=\"2145.2127.2146.2144.2147\"] \/subdom\/ms\/wp-json\/wp\/v2\/pages\/5432 oc 1 1441 queries in 562.5 ms. at 11:17. Max mem: 6.00 Mb. -->\n\n\n","protected":false},"excerpt":{"rendered":"<p class=\"continue-reading-button\"> <a class=\"continue-reading-link\" href=\"http:\/\/www.ms.zasova.info\/subdom\/ms\/skolni-rok-2025-2026\/\">Continue reading<i class=\"crycon-right-dir\"><\/i><\/a><\/p>\n","protected":false},"author":1,"featured_media":0,"parent":0,"menu_order":0,"comment_status":"closed","ping_status":"closed","template":"","meta":{"footnotes":"","_links_to":"","_links_to_target":""},"class_list":["post-5432","page","type-page","status-publish","hentry"],"_links":{"self":[{"href":"http:\/\/www.ms.zasova.info\/subdom\/ms\/wp-json\/wp\/v2\/pages\/5432","targetHints":{"allow":["GET"]}}],"collection":[{"href":"http:\/\/www.ms.zasova.info\/subdom\/ms\/wp-json\/wp\/v2\/pages"}],"about":[{"href":"http:\/\/www.ms.zasova.info\/subdom\/ms\/wp-json\/wp\/v2\/types\/page"}],"author":[{"embeddable":true,"href":"http:\/\/www.ms.zasova.info\/subdom\/ms\/wp-json\/wp\/v2\/users\/1"}],"replies":[{"embeddable":true,"href":"http:\/\/www.ms.zasova.info\/subdom\/ms\/wp-json\/wp\/v2\/comments?post=5432"}],"version-history":[{"count":1,"href":"http:\/\/www.ms.zasova.info\/subdom\/ms\/wp-json\/wp\/v2\/pages\/5432\/revisions"}],"predecessor-version":[{"id":5433,"href":"http:\/\/www.ms.zasova.info\/subdom\/ms\/wp-json\/wp\/v2\/pages\/5432\/revisions\/5433"}],"wp:attachment":[{"href":"http:\/\/www.ms.zasova.info\/subdom\/ms\/wp-json\/wp\/v2\/media?parent=5432"}],"curies":[{"name":"wp","href":"https:\/\/api.w.org\/{rel}","templated":true}]}}